{"id":557,"date":"2013-12-13T05:25:34","date_gmt":"2013-12-13T05:25:34","guid":{"rendered":"http:\/\/hamburgarprinsen.nu\/wordpress\/?page_id=557"},"modified":"2025-09-29T18:03:54","modified_gmt":"2025-09-29T18:03:54","slug":"inbakad","status":"publish","type":"page","link":"http:\/\/pizzeria-helin.se\/?page_id=557","title":{"rendered":"Dubbel Inbakade Pizzor"},"content":{"rendered":"<h1><span style=\"color: #ff0000;\">DUBBEL INBAKADE PIZZOR 155:-<\/span><\/h1>\n<h3>71. GLOBEN<br \/>\nskinka, champinjoner, r\u00e4kor<\/h3>\n<h3>72. KANARJA<br \/>\nk\u00f6ttf\u00e4rs, paprika, l\u00f6k, champinjoner<\/h3>\n<h3>73. TEFAT<br \/>\nkebab, l\u00f6k, f.tomat, fefferoni, s\u00e5s<\/h3>\n","protected":false},"excerpt":{"rendered":"<p>DUBBEL INBAKADE PIZZOR 155:- 71. GLOBEN skinka, champinjoner, r\u00e4kor 72. KANARJA k\u00f6ttf\u00e4rs, paprika, l\u00f6k, champinjoner 73. TEFAT kebab, l\u00f6k, f.tomat, fefferoni, s\u00e5s<\/p>\n","protected":false},"author":1,"featured_media":0,"parent":0,"menu_order":0,"comment_status":"open","ping_status":"open","template":"","meta":[],"_links":{"self":[{"href":"http:\/\/pizzeria-helin.se\/index.php?rest_route=\/wp\/v2\/pages\/557"}],"collection":[{"href":"http:\/\/pizzeria-helin.se\/index.php?rest_route=\/wp\/v2\/pages"}],"about":[{"href":"http:\/\/pizzeria-helin.se\/index.php?rest_route=\/wp\/v2\/types\/page"}],"author":[{"embeddable":true,"href":"http:\/\/pizzeria-helin.se\/index.php?rest_route=\/wp\/v2\/users\/1"}],"replies":[{"embeddable":true,"href":"http:\/\/pizzeria-helin.se\/index.php?rest_route=%2Fwp%2Fv2%2Fcomments&post=557"}],"version-history":[{"count":19,"href":"http:\/\/pizzeria-helin.se\/index.php?rest_route=\/wp\/v2\/pages\/557\/revisions"}],"predecessor-version":[{"id":1401,"href":"http:\/\/pizzeria-helin.se\/index.php?rest_route=\/wp\/v2\/pages\/557\/revisions\/1401"}],"wp:attachment":[{"href":"http:\/\/pizzeria-helin.se\/index.php?rest_route=%2Fwp%2Fv2%2Fmedia&parent=557"}],"curies":[{"name":"wp","href":"https:\/\/api.w.org\/{rel}","templated":true}]}}