{"id":561,"date":"2013-12-13T05:26:13","date_gmt":"2013-12-13T05:26:13","guid":{"rendered":"http:\/\/hamburgarprinsen.nu\/wordpress\/?page_id=561"},"modified":"2025-09-29T18:05:14","modified_gmt":"2025-09-29T18:05:14","slug":"nyheter","status":"publish","type":"page","link":"http:\/\/pizzeria-helin.se\/?page_id=561","title":{"rendered":"Kyckling Kebab Pizzor"},"content":{"rendered":"<h1><span style=\"color: #ff0000;\">KYCKLING KEBABPIZZOR 150:-<\/span><\/h1>\n<h2><span style=\"color: #ff0000;\">Familje (4 pers) 380:- Barn 140:-<\/span><\/h2>\n<h3>77. MR CHICKEN<br \/>\nkycklingkebab, l\u00f6k, ananas, banan, curry<\/h3>\n<h3>78. BBQ CHICKEN<br \/>\nkycklingkebab, l\u00f6k, paprika, bbqs\u00e5s, champinjoner, jalapeno<\/h3>\n<h3>79. CHICKEN SPECIAL. 155 :-<br \/>\nkycklingkebab, l\u00f6k, tomat fefferoni, efter\u00e5t isbergsallad, pommes frites, s\u00e5s<\/h3>\n<h3><span style=\"color: #ff0000;\"><strong>Vitl\u00f6ks\u00e5s och r\u00f6ds\u00e5s ing\u00e5r i alla pizzor<\/strong><\/span><\/h3>\n","protected":false},"excerpt":{"rendered":"<p>KYCKLING KEBABPIZZOR 150:- Familje (4 pers) 380:- Barn 140:- 77. MR CHICKEN kycklingkebab, l\u00f6k, ananas, banan, curry 78. BBQ CHICKEN kycklingkebab, l\u00f6k, paprika, bbqs\u00e5s, champinjoner, jalapeno 79. CHICKEN SPECIAL. 155 :- kycklingkebab, l\u00f6k, tomat fefferoni, efter\u00e5t isbergsallad, pommes frites, s\u00e5s Vitl\u00f6ks\u00e5s och r\u00f6ds\u00e5s ing\u00e5r i alla pizzor<\/p>\n","protected":false},"author":1,"featured_media":0,"parent":0,"menu_order":0,"comment_status":"open","ping_status":"open","template":"","meta":[],"_links":{"self":[{"href":"http:\/\/pizzeria-helin.se\/index.php?rest_route=\/wp\/v2\/pages\/561"}],"collection":[{"href":"http:\/\/pizzeria-helin.se\/index.php?rest_route=\/wp\/v2\/pages"}],"about":[{"href":"http:\/\/pizzeria-helin.se\/index.php?rest_route=\/wp\/v2\/types\/page"}],"author":[{"embeddable":true,"href":"http:\/\/pizzeria-helin.se\/index.php?rest_route=\/wp\/v2\/users\/1"}],"replies":[{"embeddable":true,"href":"http:\/\/pizzeria-helin.se\/index.php?rest_route=%2Fwp%2Fv2%2Fcomments&post=561"}],"version-history":[{"count":18,"href":"http:\/\/pizzeria-helin.se\/index.php?rest_route=\/wp\/v2\/pages\/561\/revisions"}],"predecessor-version":[{"id":1403,"href":"http:\/\/pizzeria-helin.se\/index.php?rest_route=\/wp\/v2\/pages\/561\/revisions\/1403"}],"wp:attachment":[{"href":"http:\/\/pizzeria-helin.se\/index.php?rest_route=%2Fwp%2Fv2%2Fmedia&parent=561"}],"curies":[{"name":"wp","href":"https:\/\/api.w.org\/{rel}","templated":true}]}}