{"id":563,"date":"2013-12-13T05:26:35","date_gmt":"2013-12-13T05:26:35","guid":{"rendered":"http:\/\/hamburgarprinsen.nu\/wordpress\/?page_id=563"},"modified":"2025-09-29T18:03:44","modified_gmt":"2025-09-29T18:03:44","slug":"kebab","status":"publish","type":"page","link":"http:\/\/pizzeria-helin.se\/?page_id=563","title":{"rendered":"Kebab Pizzor"},"content":{"rendered":"<h1><span style=\"color: #ff0000;\">KEBABPIZZOR 150:-<\/span><\/h1>\n<h2><span style=\"color: #ff0000;\">Familje (3 pers) 380:- Barn 140:-<\/span><\/h2>\n<h3>61. BRUKET (Halvinbakad)<br \/>\nkebab, feferoni, paprika, f.tomat<\/h3>\n<h3>62. RANS\u00c4TER (Halvinbakad)<br \/>\nkebab, skinka, paprika, feferoni, f.tomat, l\u00f6k<\/h3>\n<h3>63. HAGALUND (Halv Inb)<br \/>\nkebab, banan, ananas, f.tomater, curry<\/h3>\n<h3>64. KEBAB PIZZA<br \/>\nkebab, l\u00f6k, feferoni, f\u00e4rsk tomat<\/h3>\n<h3>65. \u00c5MOT<br \/>\nkebab, l\u00f6k, f.tomat, paprika, feferoni<\/h3>\n<h3>66. BASKET<br \/>\nkebab, f.tomat, gorgonzola, ost, feferoni, paprika<\/h3>\n<h3>67. HOCKEY <span style=\"color: #ff0000;\">155:-<\/span><br \/>\nkebab, f.tomat, feferoni, l\u00f6k, f\u00e5rost<\/h3>\n<h3>68. ZLATAN SPECIAL <span style=\"color: #ff0000;\">155:-<\/span><br \/>\nkebab, pommes, s\u00e5s<\/h3>\n<h3>69. VIKING KEBAB (Inbakad) <span style=\"color: #ff0000;\">155:-\u00a0<\/span><\/h3>\n<h3>kebabk\u00f6tt, efter\u00e5t gr\u00f6nsaker<\/h3>\n<h3>70. KEBABB\u00c5T (Halvinbakad)<span style=\"color: #ff0000;\">155:-<\/span><br \/>\nkebabk\u00f6tt, efter\u00e5t gr\u00f6nsaker<\/h3>\n","protected":false},"excerpt":{"rendered":"<p>KEBABPIZZOR 150:- Familje (3 pers) 380:- Barn 140:- 61. BRUKET (Halvinbakad) kebab, feferoni, paprika, f.tomat 62. RANS\u00c4TER (Halvinbakad) kebab, skinka, paprika, feferoni, f.tomat, l\u00f6k 63. HAGALUND (Halv Inb) kebab, banan, ananas, f.tomater, curry 64. KEBAB PIZZA kebab, l\u00f6k, feferoni, f\u00e4rsk tomat 65. \u00c5MOT kebab, l\u00f6k, f.tomat, paprika, feferoni 66. BASKET kebab, f.tomat, gorgonzola, ost, feferoni, [&hellip;]<\/p>\n","protected":false},"author":1,"featured_media":0,"parent":0,"menu_order":0,"comment_status":"open","ping_status":"open","template":"","meta":[],"_links":{"self":[{"href":"http:\/\/pizzeria-helin.se\/index.php?rest_route=\/wp\/v2\/pages\/563"}],"collection":[{"href":"http:\/\/pizzeria-helin.se\/index.php?rest_route=\/wp\/v2\/pages"}],"about":[{"href":"http:\/\/pizzeria-helin.se\/index.php?rest_route=\/wp\/v2\/types\/page"}],"author":[{"embeddable":true,"href":"http:\/\/pizzeria-helin.se\/index.php?rest_route=\/wp\/v2\/users\/1"}],"replies":[{"embeddable":true,"href":"http:\/\/pizzeria-helin.se\/index.php?rest_route=%2Fwp%2Fv2%2Fcomments&post=563"}],"version-history":[{"count":27,"href":"http:\/\/pizzeria-helin.se\/index.php?rest_route=\/wp\/v2\/pages\/563\/revisions"}],"predecessor-version":[{"id":1400,"href":"http:\/\/pizzeria-helin.se\/index.php?rest_route=\/wp\/v2\/pages\/563\/revisions\/1400"}],"wp:attachment":[{"href":"http:\/\/pizzeria-helin.se\/index.php?rest_route=%2Fwp%2Fv2%2Fmedia&parent=563"}],"curies":[{"name":"wp","href":"https:\/\/api.w.org\/{rel}","templated":true}]}}