{"id":565,"date":"2013-12-13T05:26:51","date_gmt":"2013-12-13T05:26:51","guid":{"rendered":"http:\/\/hamburgarprinsen.nu\/wordpress\/?page_id=565"},"modified":"2025-09-29T18:01:45","modified_gmt":"2025-09-29T18:01:45","slug":"flaskfile","status":"publish","type":"page","link":"http:\/\/pizzeria-helin.se\/?page_id=565","title":{"rendered":"Fl\u00e4skfil\u00e9 Pizzor"},"content":{"rendered":"<h1><span style=\"color: #ff0000;\">FL\u00c4SKFIL\u00c9 PIZZOR 155<\/span><span style=\"color: #ff0000;\">:-<\/span><\/h1>\n<h2><span style=\"color: #ff0000;\">Familje (3 pers) 385:- Barn 140:-<\/span><\/h2>\n<h3><span style=\"color: #000000;\">43. MIDSOMMAR (Halvinbakad)<\/span><br \/>\n<span style=\"color: #000000;\">fl\u00e4skfil\u00e9, skinka, champinjoner, bearnaises\u00e5s<\/span><\/h3>\n<h3><span style=\"color: #000000;\">44. MIDVINTER (Halvinbakad)<\/span><br \/>\n<span style=\"color: #000000;\"> fl\u00e4skfil\u00e9, champinjoner, f\u00e4rsk tomat, bearnaises\u00e5s<\/span><\/h3>\n<h3><span style=\"color: #000000;\">45. AMERIKANA (Halvinbakad)<\/span><br \/>\n<span style=\"color: #000000;\">fl\u00e4skfil\u00e9, skinka, paprika, champinjoner,\u00a0bearnaises\u00e5s<\/span><\/h3>\n<h3><span style=\"color: #000000;\">46. PARADISO\u00a0<\/span><br \/>\n<span style=\"color: #000000;\">fl\u00e4skfil\u00e9, skinka, banan, bearnaises\u00e5s<\/span><\/h3>\n<h3><span style=\"color: #000000;\">47. ROMANA\u00a0<\/span><br \/>\n<span style=\"color: #000000;\">fl\u00e4skfil\u00e9, skinka, banan, bearnaises\u00e5s, curry<\/span><\/h3>\n<h3><span style=\"color: #000000;\">48. OCKELBO IF\u00a0<\/span><br \/>\n<span style=\"color: #000000;\">fl\u00e4skfil\u00e9, champinjoner, f\u00e4rsk tomat, l\u00f6k,\u00a0 bearnaises\u00e5s<\/span><\/h3>\n","protected":false},"excerpt":{"rendered":"<p>FL\u00c4SKFIL\u00c9 PIZZOR 155:- Familje (3 pers) 385:- Barn 140:- 43. MIDSOMMAR (Halvinbakad) fl\u00e4skfil\u00e9, skinka, champinjoner, bearnaises\u00e5s 44. MIDVINTER (Halvinbakad) fl\u00e4skfil\u00e9, champinjoner, f\u00e4rsk tomat, bearnaises\u00e5s 45. AMERIKANA (Halvinbakad) fl\u00e4skfil\u00e9, skinka, paprika, champinjoner,\u00a0bearnaises\u00e5s 46. PARADISO\u00a0 fl\u00e4skfil\u00e9, skinka, banan, bearnaises\u00e5s 47. ROMANA\u00a0 fl\u00e4skfil\u00e9, skinka, banan, bearnaises\u00e5s, curry 48. OCKELBO IF\u00a0 fl\u00e4skfil\u00e9, champinjoner, f\u00e4rsk tomat, l\u00f6k,\u00a0 bearnaises\u00e5s<\/p>\n","protected":false},"author":1,"featured_media":0,"parent":0,"menu_order":0,"comment_status":"open","ping_status":"open","template":"","meta":[],"_links":{"self":[{"href":"http:\/\/pizzeria-helin.se\/index.php?rest_route=\/wp\/v2\/pages\/565"}],"collection":[{"href":"http:\/\/pizzeria-helin.se\/index.php?rest_route=\/wp\/v2\/pages"}],"about":[{"href":"http:\/\/pizzeria-helin.se\/index.php?rest_route=\/wp\/v2\/types\/page"}],"author":[{"embeddable":true,"href":"http:\/\/pizzeria-helin.se\/index.php?rest_route=\/wp\/v2\/users\/1"}],"replies":[{"embeddable":true,"href":"http:\/\/pizzeria-helin.se\/index.php?rest_route=%2Fwp%2Fv2%2Fcomments&post=565"}],"version-history":[{"count":26,"href":"http:\/\/pizzeria-helin.se\/index.php?rest_route=\/wp\/v2\/pages\/565\/revisions"}],"predecessor-version":[{"id":1396,"href":"http:\/\/pizzeria-helin.se\/index.php?rest_route=\/wp\/v2\/pages\/565\/revisions\/1396"}],"wp:attachment":[{"href":"http:\/\/pizzeria-helin.se\/index.php?rest_route=%2Fwp%2Fv2%2Fmedia&parent=565"}],"curies":[{"name":"wp","href":"https:\/\/api.w.org\/{rel}","templated":true}]}}