{"id":567,"date":"2013-12-13T05:27:08","date_gmt":"2013-12-13T05:27:08","guid":{"rendered":"http:\/\/hamburgarprinsen.nu\/wordpress\/?page_id=567"},"modified":"2025-09-29T18:02:18","modified_gmt":"2025-09-29T18:02:18","slug":"oxfile","status":"publish","type":"page","link":"http:\/\/pizzeria-helin.se\/?page_id=567","title":{"rendered":"Oxfil\u00e9 Pizzor"},"content":{"rendered":"<h1><span style=\"color: #ff0000;\">OXFIL\u00c9 PIZZOR 155:-<\/span><\/h1>\n<h2><span style=\"color: #ff0000;\">Familje (3 pers) 385:- Barn 140:-<\/span><\/h2>\n<h3>49. TORINO Halvinbakad<br \/>\nchampinjoner, l\u00f6k, gorgonzola, oxfil\u00e9, b.s\u00e5s<\/h3>\n<h3>50. CIAO CIAO Halvinbakad<br \/>\nchampinjoner, oxfil\u00e9, f\u00e4rsk tomat, b.s\u00e5s<\/h3>\n<h3>51. MARADONA Halvinbakad<br \/>\noxfil\u00e9, fetaost, f.tomat, paprika, b.s\u00e5s<\/h3>\n<h3>52. BJ\u00d6RKN\u00c4S<br \/>\nf\u00e4rsk tomat, b.s\u00e5s, oxfil\u00e9, paprika<\/h3>\n<h3>53. VOLVO<br \/>\noxfil\u00e9, champinjoner, f\u00e4rsk tomat, b.s\u00e5s<\/h3>\n<h3>54. ORMINGE<br \/>\noxfil\u00e9, gorgonzola, fetaost, f\u00e4rsk tomat, b.s\u00e5s<\/h3>\n<h3>55. Black &amp; White<\/h3>\n<h3>oxfile\u0301, fla\u0308skfile\u0301, lo\u0308k, bearnaisesa\u030as<\/h3>\n","protected":false},"excerpt":{"rendered":"<p>OXFIL\u00c9 PIZZOR 155:- Familje (3 pers) 385:- Barn 140:- 49. TORINO Halvinbakad champinjoner, l\u00f6k, gorgonzola, oxfil\u00e9, b.s\u00e5s 50. CIAO CIAO Halvinbakad champinjoner, oxfil\u00e9, f\u00e4rsk tomat, b.s\u00e5s 51. MARADONA Halvinbakad oxfil\u00e9, fetaost, f.tomat, paprika, b.s\u00e5s 52. BJ\u00d6RKN\u00c4S f\u00e4rsk tomat, b.s\u00e5s, oxfil\u00e9, paprika 53. VOLVO oxfil\u00e9, champinjoner, f\u00e4rsk tomat, b.s\u00e5s 54. ORMINGE oxfil\u00e9, gorgonzola, fetaost, f\u00e4rsk tomat, [&hellip;]<\/p>\n","protected":false},"author":1,"featured_media":0,"parent":0,"menu_order":0,"comment_status":"open","ping_status":"open","template":"","meta":[],"_links":{"self":[{"href":"http:\/\/pizzeria-helin.se\/index.php?rest_route=\/wp\/v2\/pages\/567"}],"collection":[{"href":"http:\/\/pizzeria-helin.se\/index.php?rest_route=\/wp\/v2\/pages"}],"about":[{"href":"http:\/\/pizzeria-helin.se\/index.php?rest_route=\/wp\/v2\/types\/page"}],"author":[{"embeddable":true,"href":"http:\/\/pizzeria-helin.se\/index.php?rest_route=\/wp\/v2\/users\/1"}],"replies":[{"embeddable":true,"href":"http:\/\/pizzeria-helin.se\/index.php?rest_route=%2Fwp%2Fv2%2Fcomments&post=567"}],"version-history":[{"count":24,"href":"http:\/\/pizzeria-helin.se\/index.php?rest_route=\/wp\/v2\/pages\/567\/revisions"}],"predecessor-version":[{"id":1397,"href":"http:\/\/pizzeria-helin.se\/index.php?rest_route=\/wp\/v2\/pages\/567\/revisions\/1397"}],"wp:attachment":[{"href":"http:\/\/pizzeria-helin.se\/index.php?rest_route=%2Fwp%2Fv2%2Fmedia&parent=567"}],"curies":[{"name":"wp","href":"https:\/\/api.w.org\/{rel}","templated":true}]}}