{"id":589,"date":"2013-12-13T05:33:20","date_gmt":"2013-12-13T05:33:20","guid":{"rendered":"http:\/\/hamburgarprinsen.nu\/wordpress\/?page_id=589"},"modified":"2025-09-29T18:07:56","modified_gmt":"2025-09-29T18:07:56","slug":"mozzarella-pan","status":"publish","type":"page","link":"http:\/\/pizzeria-helin.se\/?page_id=589","title":{"rendered":"Mozzarella Pan Pizzor"},"content":{"rendered":"<h1><span style=\"color: #ff0000;\">MOZZARELLA PAN PIZZOR<\/span><\/h1>\n<h3><span style=\"color: #008000;\">mozzarellaost &amp; tomats\u00e5s ing\u00e5r i alla pizzor<\/span><\/h3>\n<h2><span style=\"color: #ff0000;\">Small 180:- Medium 250:-<\/span><\/h2>\n<h3>105. ROMA<br \/>skinka, salami, l\u00f6k, champinjoner<\/h3>\n<h3>106. DALLAS<br \/>pepperonikorv, f.tomat, kapris, l\u00f6k, champinjoner<\/h3>\n<h3>107. TEXAS<br \/>bacon, r\u00e4kor, kron\u00e4rtskocka, l\u00f6k, paprika, champinjoner<\/h3>\n<h3>108. MIAMI<br \/>kebabk\u00f6tt, pepperoni, f.tomat, l\u00f6k, champinjoner<\/h3>\n<h3>109. SAN FRANSISCO<br \/>oxfil\u00e9, f.tomat, l\u00f6k, champinjoner, bearnaises\u00e5s<\/h3>\n<h3>110. PRINSESS<br \/>skinka, r\u00e4kor, banan, ananas, curry<\/h3>\n<h3>111. OSCAR<\/h3>\n<h3>scampi, paprika, oliver, champinjoner<\/h3>\n<h3>112. HELIN<br \/>lufttorkad skinka, soltorkade tomater, f\u00e5rost<\/h3>\n<h3>113. ERRO SPECIAL<br \/>italiensk salami, skinka, champinjoner, f.tomat, gorgonzola<\/h3>\n<h3>114. MUTTO SPECIAL<br \/>oxfil\u00e9, fl\u00e4skfil\u00e9, l\u00f6k, bearnaises\u00e5s<\/h3>\n<h3>115. ATALANTA<br \/>k\u00f6ttf\u00e4rs, r\u00e4kor, paprika, oliver, skinka<\/h3>\n<h3>116. AMED<br \/>champinjoner, l\u00f6k, paprika, fl\u00e4skfil\u00e9, bearnaises\u00e5s<\/h3>\n<h3>117. HONOLULO<br \/>banan, ananas, jordn\u00f6tter, oxfil\u00e9, curry, bearnaises\u00e5s<\/h3>\n\n\n<p><\/p>\n","protected":false},"excerpt":{"rendered":"<p>MOZZARELLA PAN PIZZOR mozzarellaost &amp; tomats\u00e5s ing\u00e5r i alla pizzor Small 180:- Medium 250:- 105. ROMAskinka, salami, l\u00f6k, champinjoner 106. DALLASpepperonikorv, f.tomat, kapris, l\u00f6k, champinjoner 107. TEXASbacon, r\u00e4kor, kron\u00e4rtskocka, l\u00f6k, paprika, champinjoner 108. MIAMIkebabk\u00f6tt, pepperoni, f.tomat, l\u00f6k, champinjoner 109. SAN FRANSISCOoxfil\u00e9, f.tomat, l\u00f6k, champinjoner, bearnaises\u00e5s 110. PRINSESSskinka, r\u00e4kor, banan, ananas, curry 111. OSCAR scampi, paprika, [&hellip;]<\/p>\n","protected":false},"author":1,"featured_media":0,"parent":0,"menu_order":0,"comment_status":"open","ping_status":"open","template":"","meta":[],"_links":{"self":[{"href":"http:\/\/pizzeria-helin.se\/index.php?rest_route=\/wp\/v2\/pages\/589"}],"collection":[{"href":"http:\/\/pizzeria-helin.se\/index.php?rest_route=\/wp\/v2\/pages"}],"about":[{"href":"http:\/\/pizzeria-helin.se\/index.php?rest_route=\/wp\/v2\/types\/page"}],"author":[{"embeddable":true,"href":"http:\/\/pizzeria-helin.se\/index.php?rest_route=\/wp\/v2\/users\/1"}],"replies":[{"embeddable":true,"href":"http:\/\/pizzeria-helin.se\/index.php?rest_route=%2Fwp%2Fv2%2Fcomments&post=589"}],"version-history":[{"count":17,"href":"http:\/\/pizzeria-helin.se\/index.php?rest_route=\/wp\/v2\/pages\/589\/revisions"}],"predecessor-version":[{"id":1408,"href":"http:\/\/pizzeria-helin.se\/index.php?rest_route=\/wp\/v2\/pages\/589\/revisions\/1408"}],"wp:attachment":[{"href":"http:\/\/pizzeria-helin.se\/index.php?rest_route=%2Fwp%2Fv2%2Fmedia&parent=589"}],"curies":[{"name":"wp","href":"https:\/\/api.w.org\/{rel}","templated":true}]}}