{"id":598,"date":"2013-12-13T05:35:11","date_gmt":"2013-12-13T05:35:11","guid":{"rendered":"http:\/\/hamburgarprinsen.nu\/wordpress\/?page_id=598"},"modified":"2025-09-29T18:05:51","modified_gmt":"2025-09-29T18:05:51","slug":"turkisk-farost","status":"publish","type":"page","link":"http:\/\/pizzeria-helin.se\/?page_id=598","title":{"rendered":"Turkiska f\u00e5rost Pizzor"},"content":{"rendered":"<h1><span style=\"color: #ff0000;\">TURKISKA F\u00c5ROSTPIZZOR 155:-<\/span><\/h1>\n<h2><span style=\"color: #ff0000;\">Familje (3 pers) 385:- Barn 145:-<\/span><\/h2>\n<h3><span style=\"color: #008000;\">Hemlagad tomat-s\u00e5s, ruccolasallad &amp; f\u00e4rska r\u00e5varor ing\u00e5r i alla pizzor.\u00a0<\/span><\/h3>\n<h3>80. KAPADOKYA<br \/>\nr\u00e4kor, ananas, sucuk, curry<\/h3>\n<h3>81. BODRUM<br \/>\ndolma, vitl\u00f6ksklyftor, sucuk, champinjoner, oliver<\/h3>\n<h3>82. ISTANBUL<br \/>\ndolma, kapris, sucuk, l\u00f6k, \u00e4gg<\/h3>\n<h3>83. ALANYA<br \/>\nbacon, sucuk, oliver, f.tomat, paprika, purjol\u00f6k<\/h3>\n<h3>84. MARMARIS<br \/>\nsucuk, f.tomat, citron, oliver, paprika<\/h3>\n<h3>85. GR\u00d6N<br \/>\ndolma, solt, tomater, vitl\u00f6ksklyftor, grillad aubergine, grillad zuccini, grillad paprika, purjol\u00f6k<\/h3>\n<h3>86. ANKARA<br \/>\noxfil\u00e9, purjol\u00f6k, \u00e4gg, sucuk, soltorkade tomater<\/h3>\n<h3>87. DELIKATESS<br \/>\ngorgonzola, chevreost, oliver, citron, dolma, l\u00f6k, paprika<\/h3>\n<h3>88. TURKISK<br \/>\nTurkisk korv, fetaost, f\u00e4rsk tomat, l\u00f6k<\/h3>\n","protected":false},"excerpt":{"rendered":"<p>TURKISKA F\u00c5ROSTPIZZOR 155:- Familje (3 pers) 385:- Barn 145:- Hemlagad tomat-s\u00e5s, ruccolasallad &amp; f\u00e4rska r\u00e5varor ing\u00e5r i alla pizzor.\u00a0 80. KAPADOKYA r\u00e4kor, ananas, sucuk, curry 81. BODRUM dolma, vitl\u00f6ksklyftor, sucuk, champinjoner, oliver 82. ISTANBUL dolma, kapris, sucuk, l\u00f6k, \u00e4gg 83. ALANYA bacon, sucuk, oliver, f.tomat, paprika, purjol\u00f6k 84. MARMARIS sucuk, f.tomat, citron, oliver, paprika 85. [&hellip;]<\/p>\n","protected":false},"author":1,"featured_media":0,"parent":0,"menu_order":0,"comment_status":"open","ping_status":"open","template":"","meta":[],"_links":{"self":[{"href":"http:\/\/pizzeria-helin.se\/index.php?rest_route=\/wp\/v2\/pages\/598"}],"collection":[{"href":"http:\/\/pizzeria-helin.se\/index.php?rest_route=\/wp\/v2\/pages"}],"about":[{"href":"http:\/\/pizzeria-helin.se\/index.php?rest_route=\/wp\/v2\/types\/page"}],"author":[{"embeddable":true,"href":"http:\/\/pizzeria-helin.se\/index.php?rest_route=\/wp\/v2\/users\/1"}],"replies":[{"embeddable":true,"href":"http:\/\/pizzeria-helin.se\/index.php?rest_route=%2Fwp%2Fv2%2Fcomments&post=598"}],"version-history":[{"count":44,"href":"http:\/\/pizzeria-helin.se\/index.php?rest_route=\/wp\/v2\/pages\/598\/revisions"}],"predecessor-version":[{"id":1405,"href":"http:\/\/pizzeria-helin.se\/index.php?rest_route=\/wp\/v2\/pages\/598\/revisions\/1405"}],"wp:attachment":[{"href":"http:\/\/pizzeria-helin.se\/index.php?rest_route=%2Fwp%2Fv2%2Fmedia&parent=598"}],"curies":[{"name":"wp","href":"https:\/\/api.w.org\/{rel}","templated":true}]}}