{"id":601,"date":"2013-12-13T05:38:15","date_gmt":"2013-12-13T05:38:15","guid":{"rendered":"http:\/\/hamburgarprinsen.nu\/wordpress\/?page_id=601"},"modified":"2025-09-29T18:11:55","modified_gmt":"2025-09-29T18:11:55","slug":"sallad","status":"publish","type":"page","link":"http:\/\/pizzeria-helin.se\/?page_id=601","title":{"rendered":"Sallader"},"content":{"rendered":"<h1><span style=\"color: #ff0000;\">SALLADER<\/span><\/h1>\n<h4><span style=\"color: #000080;\">MED PASTA + 15 KR<\/span><\/h4>\n<h3>Isbergsallad, gurka, tomar, majs, paprika ruccolasallad ing\u00e5r i alla sallader<\/h3>\n<h1><span style=\"color: #ff0000;\">140:-<\/span><\/h1>\n<h3>1. OST &amp; SKINKSALLAD skinka, ost<\/h3>\n<h3>2. LILLA BAS skinka, r\u00e4kor, majs, ost<\/h3>\n<h3>3. KYCKLING kyckling, ost, paprika, majs<\/h3>\n<h3>4. R\u00c4KSALLAD r\u00e4kor, kokt \u00e4gg, paprika, majs, citron, ost<\/h3>\n<h3>5. TONFISKSALLAD tonfisk, kokt \u00e4gg, l\u00f6k, paprika, majs,\u00a0 ost, citron<\/h3>\n<h3>6.\u00a0HAWAIISALLAD skinka, ananas, paprika, majs, ost<\/h3>\n<h3>7. GREKISK SALLAD f\u00e5rost, l\u00f6k, kalamata oliver, paprika, majs<\/h3>\n<h3>_______________________________<\/h3>\n<h1><span style=\"color: #ff0000;\">150:-<\/span><\/h1>\n<h3>8. V\u00c4STKUSTSALLAD r\u00e4kor, musslor, crapfish, paprika, majs, ost. 145:-<\/h3>\n<h3>9. KEBABSALLAD kebabk\u00f6tt, l\u00f6k, fefferoni<\/h3>\n<h3>10. FALAFEL SALLAD falafel, l\u00f6k, fefferoni<\/h3>\n<h3>11. GYROS SALLAD gyros, l\u00f6k, fefferoni<\/h3>\n<h3>12. AVOCADO SALLAD skinka, r\u00e4kor, citron, avocado, ost<\/h3>\n<h3>13.\u00a0\u00a0MIX SALLAD skinka, r\u00e4kor, tonfisk, ost, citron<\/h3>\n<h3>14. CESAR SALLAD kycklingfil\u00e9, krutonger, bacon<\/h3>\n<h3>15. KEBAB F\u00c5ROST SALLAD\u00a0 kebabk\u00f6tt, f\u00e5rost, l\u00f6k, fefferoni, kalamata oliver\u00a0<span style=\"color: #ff0000;\">155:-<\/span><\/h3>\n<hr \/>\n<h3><span style=\"color: #008000;\">Dressing: Rhode Island, Mangocurry, blue cheese, vin\u00e4gerolja, vitl\u00f6k<\/span><\/h3>\n","protected":false},"excerpt":{"rendered":"<p>SALLADER MED PASTA + 15 KR Isbergsallad, gurka, tomar, majs, paprika ruccolasallad ing\u00e5r i alla sallader 140:- 1. OST &amp; SKINKSALLAD skinka, ost 2. LILLA BAS skinka, r\u00e4kor, majs, ost 3. KYCKLING kyckling, ost, paprika, majs 4. R\u00c4KSALLAD r\u00e4kor, kokt \u00e4gg, paprika, majs, citron, ost 5. TONFISKSALLAD tonfisk, kokt \u00e4gg, l\u00f6k, paprika, majs,\u00a0 ost, citron [&hellip;]<\/p>\n","protected":false},"author":1,"featured_media":0,"parent":0,"menu_order":0,"comment_status":"open","ping_status":"open","template":"","meta":[],"_links":{"self":[{"href":"http:\/\/pizzeria-helin.se\/index.php?rest_route=\/wp\/v2\/pages\/601"}],"collection":[{"href":"http:\/\/pizzeria-helin.se\/index.php?rest_route=\/wp\/v2\/pages"}],"about":[{"href":"http:\/\/pizzeria-helin.se\/index.php?rest_route=\/wp\/v2\/types\/page"}],"author":[{"embeddable":true,"href":"http:\/\/pizzeria-helin.se\/index.php?rest_route=\/wp\/v2\/users\/1"}],"replies":[{"embeddable":true,"href":"http:\/\/pizzeria-helin.se\/index.php?rest_route=%2Fwp%2Fv2%2Fcomments&post=601"}],"version-history":[{"count":39,"href":"http:\/\/pizzeria-helin.se\/index.php?rest_route=\/wp\/v2\/pages\/601\/revisions"}],"predecessor-version":[{"id":1413,"href":"http:\/\/pizzeria-helin.se\/index.php?rest_route=\/wp\/v2\/pages\/601\/revisions\/1413"}],"wp:attachment":[{"href":"http:\/\/pizzeria-helin.se\/index.php?rest_route=%2Fwp%2Fv2%2Fmedia&parent=601"}],"curies":[{"name":"wp","href":"https:\/\/api.w.org\/{rel}","templated":true}]}}