{"id":760,"date":"2013-12-14T14:48:47","date_gmt":"2013-12-14T14:48:47","guid":{"rendered":"http:\/\/hamburgarprinsen.nu\/wordpress\/?page_id=760"},"modified":"2025-09-29T18:08:25","modified_gmt":"2025-09-29T18:08:25","slug":"lyxiga-kantrella-pizzor","status":"publish","type":"page","link":"http:\/\/pizzeria-helin.se\/?page_id=760","title":{"rendered":"Lyxiga Kantarella Pizzor"},"content":{"rendered":"<h1><span style=\"color: #ff0000;\">LYXIGA KANTARELLA PIZZOR\u00a0<\/span><\/h1>\n<h3><span style=\"color: #008000;\">ruccolasallad, gr\u00e4ddfil ing\u00e5r i alla pizzor<\/span><\/h3>\n<h3>118. BLANCA <span style=\"color: #ff0000;\">170:-<\/span><br \/>\nkantareller, scampi, gr\u00f6na stora musslor, sparris, vitl\u00f6ksklyftor, l\u00f6k, soltorkade tomater, oxfil\u00e9<\/h3>\n<h3>119. CAPPI <span style=\"color: #ff0000;\">170:-<\/span><br \/>\nkantareller, sparris, grillad paprika, zucchini, marinerade kron\u00e4rtskockhj\u00e4rtor, r\u00f6d l\u00f6k, basilika<\/h3>\n<h3>120. EDITTA <span style=\"color: #ff0000;\">170:-<\/span><br \/>\nkantareller, gorgonzolaost, chevreost, oxfil\u00e9, spenat, italiensk salami<\/h3>\n<h3>121. GASPARE <span style=\"color: #ff0000;\">170:-<\/span><br \/>\nkantareller, grillad zucchini, grillad paprika, sparris, gorgonzola, chevreost, r\u00f6d l\u00f6k, basilika<\/h3>\n<h3>122. KANTARELLA <span style=\"color: #ff0000;\">180:-<\/span><br \/>\noxfil\u00e9, scampi, kantareller, grillad paprika, aubergin\u00e9, kalamata oliver, soltorkade tomater, chevreost<\/h3>\n<h3>123. ADRINA <span style=\"color: #ff0000;\">180:-<\/span><br \/>\nkantareller, fl\u00e4skfil\u00e9, gorgonzolaost, avocado, gr\u00f6na stora musslor, l\u00f6k, basilika, pesto<\/h3>\n<h3>124. KUNGEN <span style=\"color: #ff0000;\">190:-<\/span><br \/>\nkantareller, oxfil\u00e9, fl\u00e4skfil\u00e9, sparris, f\u00e5rost, scampi, soltorkade tomater, vitl\u00f6k, tabasco, pesto, svart peppar<\/h3>\n","protected":false},"excerpt":{"rendered":"<p>LYXIGA KANTARELLA PIZZOR\u00a0 ruccolasallad, gr\u00e4ddfil ing\u00e5r i alla pizzor 118. BLANCA 170:- kantareller, scampi, gr\u00f6na stora musslor, sparris, vitl\u00f6ksklyftor, l\u00f6k, soltorkade tomater, oxfil\u00e9 119. CAPPI 170:- kantareller, sparris, grillad paprika, zucchini, marinerade kron\u00e4rtskockhj\u00e4rtor, r\u00f6d l\u00f6k, basilika 120. EDITTA 170:- kantareller, gorgonzolaost, chevreost, oxfil\u00e9, spenat, italiensk salami 121. GASPARE 170:- kantareller, grillad zucchini, grillad paprika, sparris, [&hellip;]<\/p>\n","protected":false},"author":1,"featured_media":0,"parent":0,"menu_order":0,"comment_status":"open","ping_status":"open","template":"","meta":[],"_links":{"self":[{"href":"http:\/\/pizzeria-helin.se\/index.php?rest_route=\/wp\/v2\/pages\/760"}],"collection":[{"href":"http:\/\/pizzeria-helin.se\/index.php?rest_route=\/wp\/v2\/pages"}],"about":[{"href":"http:\/\/pizzeria-helin.se\/index.php?rest_route=\/wp\/v2\/types\/page"}],"author":[{"embeddable":true,"href":"http:\/\/pizzeria-helin.se\/index.php?rest_route=\/wp\/v2\/users\/1"}],"replies":[{"embeddable":true,"href":"http:\/\/pizzeria-helin.se\/index.php?rest_route=%2Fwp%2Fv2%2Fcomments&post=760"}],"version-history":[{"count":15,"href":"http:\/\/pizzeria-helin.se\/index.php?rest_route=\/wp\/v2\/pages\/760\/revisions"}],"predecessor-version":[{"id":1409,"href":"http:\/\/pizzeria-helin.se\/index.php?rest_route=\/wp\/v2\/pages\/760\/revisions\/1409"}],"wp:attachment":[{"href":"http:\/\/pizzeria-helin.se\/index.php?rest_route=%2Fwp%2Fv2%2Fmedia&parent=760"}],"curies":[{"name":"wp","href":"https:\/\/api.w.org\/{rel}","templated":true}]}}