{"id":77,"date":"2012-09-25T08:36:31","date_gmt":"2012-09-25T08:36:31","guid":{"rendered":"http:\/\/myntan.nu\/?page_id=77"},"modified":"2013-12-14T19:05:26","modified_gmt":"2013-12-14T19:05:26","slug":"contact-us","status":"publish","type":"page","link":"http:\/\/pizzeria-helin.se\/?page_id=77","title":{"rendered":"Kontakt"},"content":{"rendered":"<h3>Helin<\/h3>\n<h3>Pizza Kebab Grill<\/h3>\n<p><strong>Adress:<\/strong>\u00a0V\u00e4rmd\u00f6v\u00e4gen 653 (vid boo energi)<br \/>\n<strong><\/strong>132 41 Saltsj\u00f6-boo<\/p>\n<p><strong>Telefon:<\/strong> 08-715 50 18<\/p>\n<p><strong>\u00d6ppet Tider:<\/strong>\u00a0M\u00e5n-Fre 10-21. L\u00f6rdag-S\u00f6ndag 11-21<\/p>\n<p><strong>Kontakta Oss:<\/strong><br \/>\ninfo@pizzeria-helin.se<\/p>\n<div>Du \u00e4r alltid v\u00e4lkommen att ta kontakt med oss. Vi tar mer \u00e4n g\u00e4rna emot dina \u00e5sikter.<\/div>\n<div>F\u00e4lt markerat med\u00a0*\u00a0\u00e4r obligatoriskt. F\u00f6rnamn*. Efternamn*. E-Mail. Meddelande.<\/div>\n<p><iframe loading=\"lazy\" src=\"https:\/\/maps.google.se\/maps?q=V%C3%A4rmd%C3%B6v%C3%A4gen+653&amp;ie=UTF8&amp;hq=&amp;hnear=0x465f821bd70d575f:0x791403337163b0c8,V%C3%A4rmd%C3%B6v%C3%A4gen+653,+132+41+Saltsj%C3%B6-boo&amp;gl=se&amp;daddr=V%C3%A4rmd%C3%B6v%C3%A4gen+653,+132+41+Saltsj%C3%B6-boo&amp;t=m&amp;ll=59.319002,18.242881&amp;spn=0.006295,0.012337&amp;output=embed\" height=\"350\" width=\"425\" frameborder=\"0\" marginwidth=\"0\" marginheight=\"0\" scrolling=\"no\"><\/iframe><br \/>\n<small><a style=\"color: #0000ff; text-align: left;\" href=\"https:\/\/maps.google.se\/maps?q=V%C3%A4rmd%C3%B6v%C3%A4gen+653&amp;ie=UTF8&amp;hq=&amp;hnear=0x465f821bd70d575f:0x791403337163b0c8,V%C3%A4rmd%C3%B6v%C3%A4gen+653,+132+41+Saltsj%C3%B6-boo&amp;gl=se&amp;daddr=V%C3%A4rmd%C3%B6v%C3%A4gen+653,+132+41+Saltsj%C3%B6-boo&amp;t=m&amp;ll=59.319002,18.242881&amp;spn=0.006295,0.012337&amp;source=embed\">Visa st\u00f6rre karta<\/a><\/small><\/p>\n","protected":false},"excerpt":{"rendered":"<p>Helin Pizza Kebab Grill Adress:\u00a0V\u00e4rmd\u00f6v\u00e4gen 653 (vid boo energi) 132 41 Saltsj\u00f6-boo Telefon: 08-715 50 18 \u00d6ppet Tider:\u00a0M\u00e5n-Fre 10-21. L\u00f6rdag-S\u00f6ndag 11-21 Kontakta Oss: info@pizzeria-helin.se Du \u00e4r alltid v\u00e4lkommen att ta kontakt med oss. Vi tar mer \u00e4n g\u00e4rna emot dina \u00e5sikter. F\u00e4lt markerat med\u00a0*\u00a0\u00e4r obligatoriskt. F\u00f6rnamn*. Efternamn*. E-Mail. Meddelande. Visa st\u00f6rre karta<\/p>\n","protected":false},"author":1,"featured_media":0,"parent":0,"menu_order":0,"comment_status":"open","ping_status":"open","template":"contact.php","meta":[],"_links":{"self":[{"href":"http:\/\/pizzeria-helin.se\/index.php?rest_route=\/wp\/v2\/pages\/77"}],"collection":[{"href":"http:\/\/pizzeria-helin.se\/index.php?rest_route=\/wp\/v2\/pages"}],"about":[{"href":"http:\/\/pizzeria-helin.se\/index.php?rest_route=\/wp\/v2\/types\/page"}],"author":[{"embeddable":true,"href":"http:\/\/pizzeria-helin.se\/index.php?rest_route=\/wp\/v2\/users\/1"}],"replies":[{"embeddable":true,"href":"http:\/\/pizzeria-helin.se\/index.php?rest_route=%2Fwp%2Fv2%2Fcomments&post=77"}],"version-history":[{"count":16,"href":"http:\/\/pizzeria-helin.se\/index.php?rest_route=\/wp\/v2\/pages\/77\/revisions"}],"predecessor-version":[{"id":768,"href":"http:\/\/pizzeria-helin.se\/index.php?rest_route=\/wp\/v2\/pages\/77\/revisions\/768"}],"wp:attachment":[{"href":"http:\/\/pizzeria-helin.se\/index.php?rest_route=%2Fwp%2Fv2%2Fmedia&parent=77"}],"curies":[{"name":"wp","href":"https:\/\/api.w.org\/{rel}","templated":true}]}}